{"id":38,"date":"2017-06-08T16:06:45","date_gmt":"2017-06-08T14:06:45","guid":{"rendered":"http:\/\/www.lamangita.com\/es\/?page_id=38"},"modified":"2017-07-20T14:16:11","modified_gmt":"2017-07-20T12:16:11","slug":"proteccion-de-datos","status":"publish","type":"page","link":"https:\/\/www.lamangita.com\/es\/proteccion-de-datos\/","title":{"rendered":"Protecci\u00f3n de datos"},"content":{"rendered":"<p>El operador de esta p\u00e1gina web toma muy en serio la protecci\u00f3n de sus datos personales. Nosotros tratamos a sus datos personales en forma confidencial y correspondiente a la ley de protecci\u00f3n de datos como tambi\u00e9n a esta declaraci\u00f3n de protecci\u00f3n. La utilizaci\u00f3n de nuestra p\u00e1gina web es por regla general posible sin indicaci\u00f3n de los datos personales. En caso de que en nuestras p\u00e1ginas se recaban datos personales (por ejemplo nombre, direcci\u00f3n o direcci\u00f3n de correo electr\u00f3nico) esto se realiza en la medida de lo posible siempre de modo opcional. Sin su autorizaci\u00f3n expresa estos datos no ser\u00e1n cedidos a terceros. Advi\u00e9rtase que la transmisi\u00f3n de datos por internet (p.e. la comunicaci\u00f3n por correo electr\u00f3nico) puede presentar agujeros de seguridad. La protecci\u00f3n completa de datos contra el acceso no autorizada por parte de terceros no es posible.<\/p>\n<p><strong>Server-Log-Files<\/strong><br \/>\nEI proveedor de nuestra p\u00e1gina web recoge y almacena autom\u00e1ticamente informaciones en los determinados Server-Log-Files, que nos transmite su\u00a0navegador. Tales datos son:<\/p>\n<ul>\n<li>tipo y versi\u00f3n de browser<\/li>\n<li>el systema operativo que utiliza<\/li>\n<li>URL de remitente<\/li>\n<li>el nombre del host del ordenador que se conecta.(direcci\u00f3n IP)<\/li>\n<li>la hora de requerimiento del servidor.<\/li>\n<\/ul>\n<p>Este tipo de datos no est\u00e1 vinculado a ninguna informaci\u00f3n personal. No realizamos recopilaciones de estos datos con otras fuentes de datos. Nos reservamos el derecho a comprobar retrospectivamente estos datos, cuando existen indicios reales de un uso il\u00edcito.<\/p>\n<p><strong>Cookies<\/strong><br \/>\nLas p\u00e1ginas web utalizan parcialmente las llamadas Cookies. Ellas no ocasionan ning\u00fan\u00a0da\u00f1o a su ordenador y no contienen ning\u00fan virus. Cookies sirven para hacer nuestra oferta m\u00e1s amigable. Las Cookies son peque\u00f1os archivos de texto que una p\u00e1gina web coloca en su ordenador y que su navegador guarda. La mayor\u00eda de las Cookies utilizadas son las llamadas cookies de sesi\u00f3n. Estas se eliminar\u00e1n de manera autom\u00e1tica al final de su visita. Otras cookies se quedan almacenadas en su ordenador hasta que usted las borre. Estas cookies nos permiten reconocer su ordenador, cuando visite de nuevo nuestra p\u00e1gina web.<\/p>\n<p>Puede configurar su navegador para que le notifique antes de recibir una cookie, lo que le permitir\u00e1 decidir si aceptaria o no. O en gereral excluir as\u00ed como borrar automaticamente las cookies al cerrar el navegador. Por la desactivaci\u00f3n de cookies la funcionalidad de la p\u00e1gina puede ser limitada.<\/p>\n<p><strong>Browser Plugins<\/strong><br \/>\nUsted puede evitar el almacenamiento de las cookies mediante la correspondiente configuraci\u00f3n en la software del navegador; sin embargo, es menester informar, que en ese caso quiz\u00e1s no sea posible la utilizaci\u00f3n por completo de todas funciones de esta p\u00e1gina web. Adem\u00e1s, usted puede impedir el registro de los datos facilitados por la cookie a Google referentes al uso del sitio web (incluida su direcci\u00f3n, IP), as\u00ed como el procesamiento de estos datos por parte de Google descargando e instal\u00e1ndose en su ordenador el plug-in de navegador disponible a trav\u00e9s del siguiente enlace: https:\/\/tools.google.com\/dlpage\/gaoptout?hl=de<\/p>\n<p><strong>Formulario de contacto y petici\u00f3n de reserva\u00a0<\/strong><br \/>\nS\u00ed nos envia su consulta a trav\u00e9s de nuestra formulario de contacto, almacenamos a efecto de tratamiento y en caso de preguntas seguintes sus informaciones del formulario incluido los datos de contacto, que nos ha se\u00f1alado. Estos datos no\u00a0 transmitir\u00e9mos a terceros sin su consentimiento.<\/p>\n<p><strong>Informaci\u00f3n, cancelaci\u00f3n, bloqueo\u00a0<\/strong><br \/>\nUsted tiene derecho a obtener informaci\u00f3n gratu\u00edta sobre sus datos almacenados de su persona, el origen y el destinatario de los mismos, as\u00ed como al prop\u00f3sito del procesamiento de datos, as\u00ed como a la correcci\u00f3n, bloqueo o eliminaci\u00f3n de tales datos. Para esto, como tambi\u00e9n para otras preguntas sobre el tema datos personales, puede contactarnos cuandoquiera a trav\u00e9s de los datos de contacto indicados debajo del aviso legal.<\/p>\n<p><strong>Contradicci\u00f3n email comercial\u00a0<\/strong><strong>\u00a0<\/strong><br \/>\nEl administrador de este sitio se reserva expresamente el derecho de tomar las medidas legales apropiadas, en el caso de que se envi\u00f3 informaci\u00f3n de publicidad sin solitud, como correos no deseados (spam).<\/p>\n","protected":false},"excerpt":{"rendered":"<p>El operador de esta p\u00e1gina web toma muy en serio la protecci\u00f3n de sus datos personales. Nosotros tratamos a sus datos personales en forma confidencial y correspondiente a la ley de protecci\u00f3n de datos como tambi\u00e9n a esta declaraci\u00f3n de protecci\u00f3n. La utilizaci\u00f3n de nuestra p\u00e1gina web es por regla general posible sin indicaci\u00f3n de [&hellip;]<\/p>\n","protected":false},"author":5,"featured_media":0,"parent":0,"menu_order":0,"comment_status":"closed","ping_status":"closed","template":"","meta":{"_et_pb_use_builder":"","_et_pb_old_content":""},"_links":{"self":[{"href":"https:\/\/www.lamangita.com\/es\/wp-json\/wp\/v2\/pages\/38"}],"collection":[{"href":"https:\/\/www.lamangita.com\/es\/wp-json\/wp\/v2\/pages"}],"about":[{"href":"https:\/\/www.lamangita.com\/es\/wp-json\/wp\/v2\/types\/page"}],"author":[{"embeddable":true,"href":"https:\/\/www.lamangita.com\/es\/wp-json\/wp\/v2\/users\/5"}],"replies":[{"embeddable":true,"href":"https:\/\/www.lamangita.com\/es\/wp-json\/wp\/v2\/comments?post=38"}],"version-history":[{"count":10,"href":"https:\/\/www.lamangita.com\/es\/wp-json\/wp\/v2\/pages\/38\/revisions"}],"predecessor-version":[{"id":195,"href":"https:\/\/www.lamangita.com\/es\/wp-json\/wp\/v2\/pages\/38\/revisions\/195"}],"wp:attachment":[{"href":"https:\/\/www.lamangita.com\/es\/wp-json\/wp\/v2\/media?parent=38"}],"curies":[{"name":"wp","href":"https:\/\/api.w.org\/{rel}","templated":true}]}}