{"id":36,"date":"2017-06-08T16:03:58","date_gmt":"2017-06-08T14:03:58","guid":{"rendered":"http:\/\/www.lamangita.com\/es\/?page_id=36"},"modified":"2022-03-11T12:09:39","modified_gmt":"2022-03-11T11:09:39","slug":"aviso-legal","status":"publish","type":"page","link":"https:\/\/www.lamangita.com\/es\/aviso-legal\/","title":{"rendered":"Aviso legal"},"content":{"rendered":"<p>[et_pb_section fb_built=&#8220;1&#8243; admin_label=&#8220;section&#8220; _builder_version=&#8220;3.0.47&#8243;][et_pb_row admin_label=&#8220;row&#8220; _builder_version=&#8220;3.0.48&#8243; background_size=&#8220;initial&#8220; background_position=&#8220;top_left&#8220; background_repeat=&#8220;repeat&#8220;][et_pb_column type=&#8220;4_4&#8243; _builder_version=&#8220;3.0.47&#8243;][et_pb_text admin_label=&#8220;Text&#8220; _builder_version=&#8220;3.20.2&#8243; background_size=&#8220;initial&#8220; background_position=&#8220;top_left&#8220; background_repeat=&#8220;repeat&#8220;]<\/p>\n<p>El Jorado No. 8<br \/>38800 San Sebasti\u00e1n de la Gomera<br \/>Canarias, Espa\u00f1a<\/p>\n<p>E-mail:\u00a0<a href=\"mailto:info@lamangita.com\">info@lamangita.com<\/a><br \/>Web:\u00a0<a href=\"http:\/\/www.lamangita.com\" target=\"_blank\" rel=\"noopener noreferrer\">www.lamangita.com<\/a><\/p>\n<p><strong>Responsabilidad por los contenidos<\/strong><\/p>\n<p>Los contenidos de nuestras p\u00e1ginas web se examinan cuidadosamente y se han creado al leal saber. Todas las informaciones de descripciones sobre nuestras viviendas de vacaciones se basan \u00fanicamente en las informaciones de los propietarios. Sin embargo no podemos aceptar ninguna responsibilidad por la exatitud, la totalidad y la actualidad. Como operadores de\u00a0<a href=\"http:\/\/www.mangita.com\/\">www.mangita.com<\/a>\u00a0somos seg\u00fan la ley de medios de comunicaci\u00f3n (TMG) responsables de\u00a0 nuestros propios contenidos en nuestra p\u00e1gina web. Seg\u00fan \u00a7\u00a7 8 a 10 TMG\u00a0 como operadores ni estamos obligados a controlar las informaciones ajenas transmitidas o memorizadas ni seg\u00fan las circunstancias a investigar, si hacen referencia a una actividad ilegal. Las obligaciones de retirar o bloquear el uso de informaci\u00f3n seg\u00fan las leyes generales permanecen intactas. No nos podemos hacernos responsables antes de la fecha de conocimiento de una infracci\u00f3n concreta de la ley. Al recibir una advertencia sobre infriginmiento, eliminaremos de inmediato el contenido.<\/p>\n<p>Si nuestra oferta incluye enlaces a p\u00e1ginas web externas, no tenemos influencia sobre cuyo contenido y tampoco no podemos asumir ninguna gerant\u00eda por estos contenidos ajenos. El respectivo proveedor y operador ser\u00e1 siempre responsable de los contenidos de las p\u00e1ginas enlazadas. En el momento de su incorporaci\u00f3n se comprob\u00f3 si el contenido de las p\u00e1ginas era contrario a la ley, y garantizamos que en ese momento del enlazamiento no se pod\u00edan reconocer infracciones legales. No es exigible un control permanente de las p\u00e1ginas\u00a0 enzaladas sin indicios de que se haya violado la ley. Al conocerse las correspondientes\u00a0 violaciones del derecho, iliminaremos inmediamente estos enlaces.<\/p>\n<p>El contenido de la p\u00e1gina web preparado por el operador del sitio est\u00e1 cubierto por la ley de derecho de la propiedad literaria alemana. La reproducci\u00f3n, modificaci\u00f3n, divulgaci\u00f3n o cualquier tipo de aprovechamiento que supere los l\u00edmites de los derechos de autor exigen una autorizaci\u00f3n por escrito del autor o creador correspondiente. Descargar y copiar el contenido del s\u00edtio s\u00f3lo est\u00e1n permitidos para uso privado, no para uso comercial. En la medida en que el contenido del sitio no pertenece al administrador, ser\u00e1n respetados los derechos de autor de terceros. El contenido de terceros se marcar\u00e1 de una manera especial. S\u00ed a pesar de todo descubrieran ustedes una infracci\u00f3n de derechos de autor, rogamos que nos la comuniquen. Si se nos da a reconecer alguna violaci\u00f3n del derecho, eliminaremos de inmediato los enlaces correspondientes.<\/p>\n<p>[\/et_pb_text][\/et_pb_column][\/et_pb_row][\/et_pb_section]<\/p>\n","protected":false},"excerpt":{"rendered":"<p>[et_pb_section fb_built=&#8220;1&#8243; admin_label=&#8220;section&#8220; _builder_version=&#8220;3.0.47&#8243;][et_pb_row admin_label=&#8220;row&#8220; _builder_version=&#8220;3.0.48&#8243; background_size=&#8220;initial&#8220; background_position=&#8220;top_left&#8220; background_repeat=&#8220;repeat&#8220;][et_pb_column type=&#8220;4_4&#8243; _builder_version=&#8220;3.0.47&#8243;][et_pb_text admin_label=&#8220;Text&#8220; _builder_version=&#8220;3.20.2&#8243; background_size=&#8220;initial&#8220; background_position=&#8220;top_left&#8220; background_repeat=&#8220;repeat&#8220;] El Jorado No. 838800 San Sebasti\u00e1n de la GomeraCanarias, Espa\u00f1a E-mail:\u00a0info@lamangita.comWeb:\u00a0www.lamangita.com Responsabilidad por los contenidos Los contenidos de nuestras p\u00e1ginas web se examinan cuidadosamente y se han creado al leal saber. Todas las informaciones de descripciones sobre nuestras viviendas [&hellip;]<\/p>\n","protected":false},"author":5,"featured_media":0,"parent":0,"menu_order":0,"comment_status":"closed","ping_status":"closed","template":"","meta":{"_et_pb_use_builder":"on","_et_pb_old_content":"<strong><span style=\"color: #506432;\">V.I.S.D.P.<\/span><\/strong>\r\n\r\nTina Herbert\r\nI-0002353.1\r\n\r\nEl Jorado No. 8\r\n38800 San Sebasti\u00e1n de la Gomera\r\nCanarias, Espa\u00f1a\r\n\r\nTel\u00e9fono: +49177 2937531\r\nE-mail:\u00a0<a href=\"mailto:info@lamangita.com\">info@lamangita.com<\/a>\r\nWeb:\u00a0<a href=\"http:\/\/www.lamangita.com\" target=\"_blank\" rel=\"noopener noreferrer\">www.lamangita.com<\/a>\r\n\r\nFotos: Tina Herbert\r\n\r\n<strong>Responsabilidad por los contenidos<\/strong>\r\n\r\nLos contenidos de nuestras p\u00e1ginas web se examinan cuidadosamente y se han creado al leal saber. Todas las informaciones de descripciones sobre nuestras viviendas de vacaciones se basan \u00fanicamente en las informaciones de los propietarios. Sin embargo no podemos aceptar ninguna responsibilidad por la exatitud, la totalidad y la actualidad. Como operadores de\u00a0<a href=\"http:\/\/www.mangita.com\/\">www.mangita.com<\/a>\u00a0somos seg\u00fan la ley de medios de comunicaci\u00f3n (TMG) responsables de\u00a0 nuestros propios contenidos en nuestra p\u00e1gina web. Seg\u00fan \u00a7\u00a7 8 a 10 TMG\u00a0 como operadores ni estamos obligados a controlar las informaciones ajenas transmitidas o memorizadas ni seg\u00fan las circunstancias a investigar, si hacen referencia a una actividad ilegal. Las obligaciones de retirar o bloquear el uso de informaci\u00f3n seg\u00fan las leyes generales permanecen intactas. No nos podemos hacernos responsables antes de la fecha de conocimiento de una infracci\u00f3n concreta de la ley. Al recibir una advertencia sobre infriginmiento, eliminaremos de inmediato el contenido.\r\n\r\nSi nuestra oferta incluye enlaces a p\u00e1ginas web externas, no tenemos influencia sobre cuyo contenido y tampoco no podemos asumir ninguna gerant\u00eda por estos contenidos ajenos. El respectivo proveedor y operador ser\u00e1 siempre responsable de los contenidos de las p\u00e1ginas enlazadas. En el momento de su incorporaci\u00f3n se comprob\u00f3 si el contenido de las p\u00e1ginas era contrario a la ley, y garantizamos que en ese momento del enlazamiento no se pod\u00edan reconocer infracciones legales. No es exigible un control permanente de las p\u00e1ginas\u00a0 enzaladas sin indicios de que se haya violado la ley. Al conocerse las correspondientes\u00a0 violaciones del derecho, iliminaremos inmediamente estos enlaces.\r\n\r\nEl contenido de la p\u00e1gina web preparado por el operador del sitio est\u00e1 cubierto por la ley de derecho de la propiedad literaria alemana. La reproducci\u00f3n, modificaci\u00f3n, divulgaci\u00f3n o cualquier tipo de aprovechamiento que supere los l\u00edmites de los derechos de autor exigen una autorizaci\u00f3n por escrito del autor o creador correspondiente. Descargar y copiar el contenido del s\u00edtio s\u00f3lo est\u00e1n permitidos para uso privado, no para uso comercial. En la medida en que el contenido del sitio no pertenece al administrador, ser\u00e1n respetados los derechos de autor de terceros. El contenido de terceros se marcar\u00e1 de una manera especial. S\u00ed a pesar de todo descubrieran ustedes una infracci\u00f3n de derechos de autor, rogamos que nos la comuniquen. Si se nos da a reconecer alguna violaci\u00f3n del derecho, eliminaremos de inmediato los enlaces correspondientes."},"_links":{"self":[{"href":"https:\/\/www.lamangita.com\/es\/wp-json\/wp\/v2\/pages\/36"}],"collection":[{"href":"https:\/\/www.lamangita.com\/es\/wp-json\/wp\/v2\/pages"}],"about":[{"href":"https:\/\/www.lamangita.com\/es\/wp-json\/wp\/v2\/types\/page"}],"author":[{"embeddable":true,"href":"https:\/\/www.lamangita.com\/es\/wp-json\/wp\/v2\/users\/5"}],"replies":[{"embeddable":true,"href":"https:\/\/www.lamangita.com\/es\/wp-json\/wp\/v2\/comments?post=36"}],"version-history":[{"count":9,"href":"https:\/\/www.lamangita.com\/es\/wp-json\/wp\/v2\/pages\/36\/revisions"}],"predecessor-version":[{"id":314,"href":"https:\/\/www.lamangita.com\/es\/wp-json\/wp\/v2\/pages\/36\/revisions\/314"}],"wp:attachment":[{"href":"https:\/\/www.lamangita.com\/es\/wp-json\/wp\/v2\/media?parent=36"}],"curies":[{"name":"wp","href":"https:\/\/api.w.org\/{rel}","templated":true}]}}